{"id":1485,"date":"2026-01-20T12:11:11","date_gmt":"2026-01-20T12:11:11","guid":{"rendered":"https:\/\/bonuskongcasino.com\/login-and-registration\/"},"modified":"2026-04-06T15:09:33","modified_gmt":"2026-04-06T14:09:33","slug":"accesso-e-registrazione","status":"publish","type":"page","link":"https:\/\/teddyslotcasino.net\/it\/accesso-e-registrazione\/","title":{"rendered":"Accesso e registrazione"},"content":{"rendered":"<h1>Accesso a Teddyslot<\/h1>\n<p>La pagina di Teddyslot login consente ai giocatori italiani registrati di accedere al proprio account esistente. \u00c8 il passaggio tra la registrazione e l\u2019utilizzo regolare dell\u2019account. Dopo aver effettuato l\u2019accesso, si prosegue dal proprio profilo con i propri dati, la cronologia e lo stato dell\u2019account gi\u00e0 disponibili.<\/p>\n<p><div class=\"banner-wrap\" aria-label=\"Banner\"><img src=\"https:\/\/teddyslotcasino.net\/wp-content\/uploads\/2026\/04\/teddyslot-bonus-desktop.webp\" class=\"w-100 d-none d-lg-block img-pc main-banner-img\" alt=\"teddyslot welcome bonus desktop\" fetchpriority=\"high\" decoding=\"async\"><img src=\"https:\/\/teddyslotcasino.net\/wp-content\/uploads\/2026\/04\/teddyslot-bnr-mobile.webp\" class=\"w-100 d-none d-md-block d-lg-none main-banner-img\" alt=\"teddyslot welcome bonus mobile\" fetchpriority=\"high\" decoding=\"async\"><img src=\"https:\/\/teddyslotcasino.net\/wp-content\/uploads\/2026\/04\/teddyslot-bnr-mobile.webp\" class=\"w-100 d-md-none\" alt=\"teddyslot welcome bonus mobile\" fetchpriority=\"high\" decoding=\"async\"><div class=\"banner-description\">\n<div class=\"banner-title\">Bonus di benvenuto<\/div>\n<p class=\"banner-header-title\">1500 \u20ac<\/p>\n<div class=\"banner-header-AdditionalText\">+ 250 Giri gratuiti<\/div>\n<button data-item=\"homepage_banner_link\" class=\"goto m-button m-gradient-border m-button--primary m-button--large banner-button btn-orange\">\n            <div class=\"m-button-content\">\n                <span>Iscriviti ora<\/span>\n                <span><\/span>\n            <\/div>\n        <\/button>\n<\/div>\n<div class=\"WelcomePack\">\n<p><img loading=\"lazy\" decoding=\"async\" class=\"alignnone size-full wp-image-1855\" src=\"https:\/\/teddyslotcasino.net\/wp-content\/uploads\/2026\/04\/welcome-crown.png\" alt=\"crown\" width=\"25\" height=\"26\" \/><\/p>\n<div class=\"WelcomePack-Info\">Cashback settimanale fino al 25%<\/div>\n<p><img loading=\"lazy\" decoding=\"async\" class=\"alignnone size-full wp-image-1855\" src=\"https:\/\/teddyslotcasino.net\/wp-content\/uploads\/2026\/04\/welcome-crown.png\" alt=\"crown\" width=\"25\" height=\"26\" \/><\/p>\n<\/div>\n<\/div><div class=\"scrollable-content-wrap my-5\"><div class=\"scrollable-content-inner\"><h2>Registrazione su Teddyslot<\/h2>\n<p>La creazione di un account su Teddy Slot \u00e8 il passaggio che trasforma l\u2019accesso in un utilizzo effettivo. La registrazione fornisce a ogni giocatore un profilo personale sulla piattaforma e collega ad esso le future attivit\u00e0 dell\u2019account sin dall\u2019inizio.<\/p>\n<p>Con un account Teddyslot, ottieni:<\/p>\n<ul>\n<li>Pieno accesso al casin\u00f2 come giocatore registrato anzich\u00e9 come visitatore<\/li>\n<li>Uno spazio personale collegato alla tua attivit\u00e0 sulla piattaforma<\/li>\n<li>Accesso a oltre 6.000 giochi e offerte associate al tuo profilo<\/li>\n<li>Possibilit\u00e0 di effettuare depositi e prelievi tramite il tuo conto<\/li>\n<li>Accesso ai bonus e monitoraggio dalla stessa pagina che usi per giocare<\/li>\n<li>Contatto diretto con l\u2019assistenza quando hai bisogno di aiuto con l\u2019account<\/li>\n<\/ul>\n<p>La registrazione aiuta anche a mantenere la parte relativa all\u2019account della piattaforma chiara e stabile fin dall\u2019inizio. Il tuo profilo diventa la base per futuri accessi, recupero dell\u2019account, controlli sui pagamenti e passaggi di verifica quando sono richiesti. Ecco perch\u00e9 vale la pena configurarlo con attenzione e utilizzare dettagli accurati fin dall\u2019inizio.<\/p>\n<h3>Come configurare il tuo account<\/h3>\n<p>Abbiamo suddiviso la registrazione in due fasi. Inizia con i dati necessari per creare l\u2019account, poi completa il profilo subito dopo.<\/p>\n<ol>\n<li>Inserisci il tuo indirizzo e-mail.<\/li>\n<li>Crea una password per l\u2019account.<\/li>\n<li>Accetta i Termini e condizioni e procedi con \u00abRegistrati\u00bb.<\/li>\n<li>La parte successiva della registrazione riguarda il tuo nome, cognome, data di nascita e numero di telefono.<\/li>\n<li>Salva questi dati per completare il profilo.<\/li>\n<\/ol>\n<p>Questo approccio evita che la registrazione risulti troppo complessa all\u2019inizio. Un indirizzo email valido ti sar\u00e0 utile se dovessi mai aver bisogno di ripristinare l\u2019accesso. Anche l\u2019accuratezza dei dati personali \u00e8 importante, poich\u00e9 li utilizziamo per i pagamenti, la verifica e altri controlli sull\u2019account.<\/p>\n<h3>Bonus di iscrizione<\/h3>\n<p>La registrazione ti d\u00e0 anche accesso al sistema di bonus di Teddyslot. Il pacchetto di benvenuto fino a \u20ac1.500 + 250 giri gratuiti \u00e8 solo la prima parte, ma non l\u2019ultima. I giocatori registrati possono anche qualificarsi per offerte continue come cashback o promozioni sui tornei, che danno valore all\u2019account oltre al primo deposito.<\/p>\n<p>I bonus fanno parte di ci\u00f2 che un giocatore registrato pu\u00f2 utilizzare e seguire dopo la registrazione, insieme al resto dell\u2019esperienza dell\u2019account. Invece di terminare con la fase di benvenuto, il lato promozionale del casin\u00f2 continua come parte dell\u2019utilizzo regolare.<\/p>\n<p><img loading=\"lazy\" decoding=\"async\" class=\"alignnone size-full wp-image-1951\" src=\"https:\/\/teddyslotcasino.net\/wp-content\/uploads\/2026\/04\/Teddyslot-Login.webp\" alt=\"Teddyslot Login\" width=\"1248\" height=\"536\" srcset=\"https:\/\/teddyslotcasino.net\/wp-content\/uploads\/2026\/04\/Teddyslot-Login.webp 1248w, https:\/\/teddyslotcasino.net\/wp-content\/uploads\/2026\/04\/Teddyslot-Login-300x129.webp 300w, https:\/\/teddyslotcasino.net\/wp-content\/uploads\/2026\/04\/Teddyslot-Login-1024x440.webp 1024w, https:\/\/teddyslotcasino.net\/wp-content\/uploads\/2026\/04\/Teddyslot-Login-768x330.webp 768w\" sizes=\"auto, (max-width: 1248px) 100vw, 1248px\" \/><\/p>\n<h2>Accesso a Teddyslot e gestione dell\u2019account<\/h2>\n<p>L\u2019accesso a Teddy Slot ti riporta all\u2019account che gi\u00e0 utilizzi sulla nostra piattaforma. Inserisci il tuo indirizzo e-mail e la password e da l\u00ec si aprir\u00e0 il tuo profilo. Consideriamo l\u2019accesso come parte dell\u2019utilizzo regolare dell\u2019account, non come un passaggio a s\u00e9 stante.<\/p>\n<p>Dopo l\u2019accesso, il tuo account diventa il luogo in cui gestisci l\u2019aspetto pratico del gioco. L\u00ec puoi controllare il tuo saldo. Puoi anche visualizzare le transazioni recenti, mantenere aggiornati i tuoi dati o vedere quali offerte sono attive sul profilo. Se si presenta un problema, l\u2019assistenza rimane collegata allo stesso account.<\/p>\n<p>\u00c8 qui che la gestione dell\u2019account inizia a diventare importante. Si ritorna a un unico profilo che contiene gi\u00e0 i propri dati e la cronologia dell\u2019account. Non \u00e8 necessario ricostruire quel contesto ogni volta che si ritorna. Ci\u00f2 rende l\u2019account pi\u00f9 facile da usare nel tempo e conferisce al gioco regolare una struttura pi\u00f9 stabile.<\/p>\n<h3>Hai dimenticato la password?<\/h3>\n<p>Il ripristino della password non \u00e8 utile solo quando l\u2019hai completamente dimenticata. A volte \u00e8 la scelta pi\u00f9 sicura anche quando riesci ancora ad accedere all\u2019account.<\/p>\n<p>Ha senso reimpostare o modificare la password quando:<\/p>\n<ul>\n<li>Non usi l\u2019account da un po\u2019 e non ricordi pi\u00f9 bene la password<\/li>\n<li>Qualcosa nel profilo o nell\u2019attivit\u00e0 dell\u2019account non ti sembra familiare<\/li>\n<li>Hai utilizzato un dispositivo condiviso e preferiresti non mantenere la stessa password<\/li>\n<li>Non si cambia la password da molto tempo<\/li>\n<li>Hai usato la stessa password altrove e ne vuoi una pi\u00f9 sicura per Teddy Slot<\/li>\n<\/ul>\n<p>L\u2019importante \u00e8 non considerare i problemi con la password come un motivo per ricominciare da capo con un nuovo account. Nella maggior parte dei casi, si tratta semplicemente di ripristinare l\u2019accesso o di sostituire una vecchia password con una migliore.<\/p>\n<h2>Verifica su Teddyslot Casino<\/h2>\n<p>La verifica fa parte del gioco con denaro reale su Teddyslot. Una volta che passi dall\u2019accesso di base all\u2019account ai depositi e ai prelievi, devi completare questo passaggio. La usiamo per confermare la tua identit\u00e0, collegare l\u2019account alla giusta attivit\u00e0 di pagamento e proteggere la piattaforma da un uso improprio.<\/p>\n<p>Per superare la verifica, devi fornire i dati chiave collegati al tuo profilo. Abbiamo bisogno del tuo nome completo. Abbiamo anche bisogno della tua data di nascita, dell\u2019indirizzo di residenza permanente e del numero di identificazione. Inoltre, devi caricare un passaporto o una carta d\u2019identit\u00e0. Devi anche inviare un documento che confermi il tuo attuale indirizzo di residenza e che non sia pi\u00f9 vecchio di sei mesi. In alcuni casi, chiediamo di pi\u00f9. Ci\u00f2 pu\u00f2 includere un altro documento d\u2019identit\u00e0, un selfie con il passaporto aperto o una foto della carta di credito con solo alcune cifre visibili.<\/p>\n<p>Durante questo processo, l\u2019account pu\u00f2 passare attraverso diversi esiti di verifica:<\/p>\n<table>\n<tbody>\n<tr>\n<td>Stato della verifica<\/td>\n<td>Cosa significa per l\u2019account<\/td>\n<\/tr>\n<tr>\n<td>Approvato temporaneamente<\/td>\n<td>I tuoi documenti sono stati caricati e inviati al nostro team KYC. Il team ha 24 ore di tempo per esaminarli e inviare il risultato via e-mail. Puoi comunque utilizzare la piattaforma, ma i prelievi rimangono limitati.<\/td>\n<\/tr>\n<tr>\n<td>Approvato<\/td>\n<td>La revisione \u00e8 stata completata e la verifica \u00e8 stata superata.<\/td>\n<\/tr>\n<tr>\n<td>Rifiutata<\/td>\n<td>La verifica non \u00e8 stata superata. Non puoi effettuare depositi o prelievi finch\u00e9 il problema non sar\u00e0 risolto.<\/td>\n<\/tr>\n<tr>\n<td>Sono necessarie ulteriori informazioni<\/td>\n<td>Abbiamo bisogno di ulteriori dettagli o documenti per continuare la verifica.<\/td>\n<\/tr>\n<\/tbody>\n<\/table>\n<p>La verifica funziona al meglio quando i dettagli dell\u2019account e i documenti caricati corrispondono fin dall\u2019inizio. Se qualcosa non quadra, la revisione pu\u00f2 fermarsi l\u00ec. Lo stesso vale per i file poco chiari, danneggiati, illeggibili o non accettati per la verifica dell\u2019identit\u00e0. Ecco perch\u00e9 \u00e8 utile preparare tutto con cura prima dell\u2019invio.<\/p>\n<h2>Domande frequenti<\/h2>\n<h3>Posso condividere il mio profilo su Teddyslot Casino con un amico?<\/h3>\n<p>No. Il tuo account Teddyslot \u00e8 solo per uso personale. Ti preghiamo di non condividere i tuoi dati di accesso n\u00e9 di cedere l\u2019account a qualcun altro.<\/p>\n<h3>L\u2019accesso all\u2019account \u00e8 limitato durante la verifica?<\/h3>\n<p>Puoi continuare a utilizzare la piattaforma mentre esaminiamo i tuoi documenti. Ti invieremo il risultato entro 24 ore, ma i prelievi saranno limitati fino al completamento della verifica.<\/p>\n<h3>Non riesco ad accedere: devo registrarmi di nuovo?<\/h3>\n<p>No. Continua a utilizzare lo stesso account e ripristina l\u2019accesso. Non \u00e8 consentito creare un secondo account.<\/p>\n<h3>Posso cambiare l\u2019indirizzo e-mail collegato al mio account Teddy Slot?<\/h3>\n<p>S\u00ec. Cambiare l\u2019indirizzo e-mail non significa aprire un nuovo account. Il tuo account Teddyslot rimane lo stesso.<\/p>\n<\/div><\/div><\/p>\n","protected":false},"excerpt":{"rendered":"<p>Accesso a Teddyslot La pagina di Teddyslot login consente ai giocatori italiani registrati di accedere al proprio account esistente. \u00c8 il passaggio tra la registrazione e l\u2019utilizzo regolare dell\u2019account. Dopo aver effettuato l\u2019accesso, si prosegue dal proprio profilo con i propri dati, la cronologia e lo stato dell\u2019account gi\u00e0 disponibili.<\/p>\n","protected":false},"author":1,"featured_media":0,"parent":0,"menu_order":0,"comment_status":"closed","ping_status":"closed","template":"template-builder.php","meta":{"_acf_changed":false,"inline_featured_image":false,"footnotes":""},"class_list":["post-1485","page","type-page","status-publish","hentry"],"acf":[],"yoast_head":"<!-- This site is optimized with the Yoast SEO plugin v27.3 - https:\/\/yoast.com\/product\/yoast-seo-wordpress\/ -->\n<title>Teddyslot Login | Accesso, verifica e reimpostazione della password<\/title>\n<meta name=\"description\" content=\"Teddy Slot Login d\u00e0 ai giocatori registrati accesso al loro conto esistente. Accedi con e-mail e password, recupera l\u2019accesso se serve e completa la verifica per continuare a usare depositi e prelievi sullo stesso profilo.\" \/>\n<meta name=\"robots\" content=\"index, follow, max-snippet:-1, max-image-preview:large, max-video-preview:-1\" \/>\n<link rel=\"canonical\" href=\"https:\/\/teddyslotcasino.net\/it\/accesso-e-registrazione\/\" \/>\n<meta property=\"og:locale\" content=\"it_IT\" \/>\n<meta property=\"og:type\" content=\"article\" \/>\n<meta property=\"og:title\" content=\"Teddyslot Login | Accesso, verifica e reimpostazione della password\" \/>\n<meta property=\"og:description\" content=\"Teddy Slot Login d\u00e0 ai giocatori registrati accesso al loro conto esistente. Accedi con e-mail e password, recupera l\u2019accesso se serve e completa la verifica per continuare a usare depositi e prelievi sullo stesso profilo.\" \/>\n<meta property=\"og:url\" content=\"https:\/\/teddyslotcasino.net\/it\/accesso-e-registrazione\/\" \/>\n<meta property=\"og:site_name\" content=\"teddyslot\" \/>\n<meta property=\"article:modified_time\" content=\"2026-04-06T14:09:33+00:00\" \/>\n<meta name=\"twitter:card\" content=\"summary_large_image\" \/>\n<meta name=\"twitter:label1\" content=\"Est. reading time\" \/>\n\t<meta name=\"twitter:data1\" content=\"1 minuto\" \/>\n<script type=\"application\/ld+json\" class=\"yoast-schema-graph\">{\"@context\":\"https:\\\/\\\/schema.org\",\"@graph\":[{\"@type\":\"WebPage\",\"@id\":\"https:\\\/\\\/teddyslotcasino.net\\\/it\\\/accesso-e-registrazione\\\/\",\"url\":\"https:\\\/\\\/teddyslotcasino.net\\\/it\\\/accesso-e-registrazione\\\/\",\"name\":\"Teddyslot Login | Accesso, verifica e reimpostazione della password\",\"isPartOf\":{\"@id\":\"https:\\\/\\\/teddyslotcasino.net\\\/it\\\/#website\"},\"datePublished\":\"2026-01-20T12:11:11+00:00\",\"dateModified\":\"2026-04-06T14:09:33+00:00\",\"description\":\"Teddy Slot Login d\u00e0 ai giocatori registrati accesso al loro conto esistente. Accedi con e-mail e password, recupera l\u2019accesso se serve e completa la verifica per continuare a usare depositi e prelievi sullo stesso profilo.\",\"breadcrumb\":{\"@id\":\"https:\\\/\\\/teddyslotcasino.net\\\/it\\\/accesso-e-registrazione\\\/#breadcrumb\"},\"inLanguage\":\"it-IT\",\"potentialAction\":[{\"@type\":\"ReadAction\",\"target\":[\"https:\\\/\\\/teddyslotcasino.net\\\/it\\\/accesso-e-registrazione\\\/\"]}]},{\"@type\":\"BreadcrumbList\",\"@id\":\"https:\\\/\\\/teddyslotcasino.net\\\/it\\\/accesso-e-registrazione\\\/#breadcrumb\",\"itemListElement\":[{\"@type\":\"ListItem\",\"position\":1,\"name\":\"Teddyslot\",\"item\":\"https:\\\/\\\/teddyslotcasino.net\\\/it\\\/\"},{\"@type\":\"ListItem\",\"position\":2,\"name\":\"Accesso e registrazione\"}]},{\"@type\":\"WebSite\",\"@id\":\"https:\\\/\\\/teddyslotcasino.net\\\/it\\\/#website\",\"url\":\"https:\\\/\\\/teddyslotcasino.net\\\/it\\\/\",\"name\":\"Teddyslot\",\"description\":\"\",\"publisher\":{\"@id\":\"https:\\\/\\\/teddyslotcasino.net\\\/it\\\/#organization\"},\"potentialAction\":[{\"@type\":\"SearchAction\",\"target\":{\"@type\":\"EntryPoint\",\"urlTemplate\":\"https:\\\/\\\/teddyslotcasino.net\\\/it\\\/?s={search_term_string}\"},\"query-input\":{\"@type\":\"PropertyValueSpecification\",\"valueRequired\":true,\"valueName\":\"search_term_string\"}}],\"inLanguage\":\"it-IT\"},{\"@type\":\"Organization\",\"@id\":\"https:\\\/\\\/teddyslotcasino.net\\\/it\\\/#organization\",\"name\":\"Teddyslot\",\"url\":\"https:\\\/\\\/teddyslotcasino.net\\\/it\\\/\",\"logo\":{\"@type\":\"ImageObject\",\"inLanguage\":\"it-IT\",\"@id\":\"https:\\\/\\\/teddyslotcasino.net\\\/it\\\/#\\\/schema\\\/logo\\\/image\\\/\",\"url\":\"https:\\\/\\\/teddyslotcasino.net\\\/wp-content\\\/uploads\\\/2026\\\/04\\\/teddyslot-logo.png\",\"contentUrl\":\"https:\\\/\\\/teddyslotcasino.net\\\/wp-content\\\/uploads\\\/2026\\\/04\\\/teddyslot-logo.png\",\"width\":140,\"height\":32,\"caption\":\"Teddyslot\"},\"image\":{\"@id\":\"https:\\\/\\\/teddyslotcasino.net\\\/it\\\/#\\\/schema\\\/logo\\\/image\\\/\"}}]}<\/script>\n<!-- \/ Yoast SEO plugin. -->","yoast_head_json":{"title":"Teddyslot Login | Accesso, verifica e reimpostazione della password","description":"Teddy Slot Login d\u00e0 ai giocatori registrati accesso al loro conto esistente. Accedi con e-mail e password, recupera l\u2019accesso se serve e completa la verifica per continuare a usare depositi e prelievi sullo stesso profilo.","robots":{"index":"index","follow":"follow","max-snippet":"max-snippet:-1","max-image-preview":"max-image-preview:large","max-video-preview":"max-video-preview:-1"},"canonical":"https:\/\/teddyslotcasino.net\/it\/accesso-e-registrazione\/","og_locale":"it_IT","og_type":"article","og_title":"Teddyslot Login | Accesso, verifica e reimpostazione della password","og_description":"Teddy Slot Login d\u00e0 ai giocatori registrati accesso al loro conto esistente. Accedi con e-mail e password, recupera l\u2019accesso se serve e completa la verifica per continuare a usare depositi e prelievi sullo stesso profilo.","og_url":"https:\/\/teddyslotcasino.net\/it\/accesso-e-registrazione\/","og_site_name":"teddyslot","article_modified_time":"2026-04-06T14:09:33+00:00","twitter_card":"summary_large_image","twitter_misc":{"Est. reading time":"1 minuto"},"schema":{"@context":"https:\/\/schema.org","@graph":[{"@type":"WebPage","@id":"https:\/\/teddyslotcasino.net\/it\/accesso-e-registrazione\/","url":"https:\/\/teddyslotcasino.net\/it\/accesso-e-registrazione\/","name":"Teddyslot Login | Accesso, verifica e reimpostazione della password","isPartOf":{"@id":"https:\/\/teddyslotcasino.net\/it\/#website"},"datePublished":"2026-01-20T12:11:11+00:00","dateModified":"2026-04-06T14:09:33+00:00","description":"Teddy Slot Login d\u00e0 ai giocatori registrati accesso al loro conto esistente. Accedi con e-mail e password, recupera l\u2019accesso se serve e completa la verifica per continuare a usare depositi e prelievi sullo stesso profilo.","breadcrumb":{"@id":"https:\/\/teddyslotcasino.net\/it\/accesso-e-registrazione\/#breadcrumb"},"inLanguage":"it-IT","potentialAction":[{"@type":"ReadAction","target":["https:\/\/teddyslotcasino.net\/it\/accesso-e-registrazione\/"]}]},{"@type":"BreadcrumbList","@id":"https:\/\/teddyslotcasino.net\/it\/accesso-e-registrazione\/#breadcrumb","itemListElement":[{"@type":"ListItem","position":1,"name":"Teddyslot","item":"https:\/\/teddyslotcasino.net\/it\/"},{"@type":"ListItem","position":2,"name":"Accesso e registrazione"}]},{"@type":"WebSite","@id":"https:\/\/teddyslotcasino.net\/it\/#website","url":"https:\/\/teddyslotcasino.net\/it\/","name":"Teddyslot","description":"","publisher":{"@id":"https:\/\/teddyslotcasino.net\/it\/#organization"},"potentialAction":[{"@type":"SearchAction","target":{"@type":"EntryPoint","urlTemplate":"https:\/\/teddyslotcasino.net\/it\/?s={search_term_string}"},"query-input":{"@type":"PropertyValueSpecification","valueRequired":true,"valueName":"search_term_string"}}],"inLanguage":"it-IT"},{"@type":"Organization","@id":"https:\/\/teddyslotcasino.net\/it\/#organization","name":"Teddyslot","url":"https:\/\/teddyslotcasino.net\/it\/","logo":{"@type":"ImageObject","inLanguage":"it-IT","@id":"https:\/\/teddyslotcasino.net\/it\/#\/schema\/logo\/image\/","url":"https:\/\/teddyslotcasino.net\/wp-content\/uploads\/2026\/04\/teddyslot-logo.png","contentUrl":"https:\/\/teddyslotcasino.net\/wp-content\/uploads\/2026\/04\/teddyslot-logo.png","width":140,"height":32,"caption":"Teddyslot"},"image":{"@id":"https:\/\/teddyslotcasino.net\/it\/#\/schema\/logo\/image\/"}}]}},"_links":{"self":[{"href":"https:\/\/teddyslotcasino.net\/it\/wp-json\/wp\/v2\/pages\/1485","targetHints":{"allow":["GET"]}}],"collection":[{"href":"https:\/\/teddyslotcasino.net\/it\/wp-json\/wp\/v2\/pages"}],"about":[{"href":"https:\/\/teddyslotcasino.net\/it\/wp-json\/wp\/v2\/types\/page"}],"author":[{"embeddable":true,"href":"https:\/\/teddyslotcasino.net\/it\/wp-json\/wp\/v2\/users\/1"}],"replies":[{"embeddable":true,"href":"https:\/\/teddyslotcasino.net\/it\/wp-json\/wp\/v2\/comments?post=1485"}],"version-history":[{"count":3,"href":"https:\/\/teddyslotcasino.net\/it\/wp-json\/wp\/v2\/pages\/1485\/revisions"}],"predecessor-version":[{"id":2083,"href":"https:\/\/teddyslotcasino.net\/it\/wp-json\/wp\/v2\/pages\/1485\/revisions\/2083"}],"wp:attachment":[{"href":"https:\/\/teddyslotcasino.net\/it\/wp-json\/wp\/v2\/media?parent=1485"}],"curies":[{"name":"wp","href":"https:\/\/api.w.org\/{rel}","templated":true}]}}